{"id":1692,"date":"2020-07-08T14:23:49","date_gmt":"2020-07-08T07:23:49","guid":{"rendered":"https:\/\/architecturalmodel.org\/?page_id=1692"},"modified":"2022-10-28T10:39:00","modified_gmt":"2022-10-28T03:39:00","slug":"repair-architectural-models","status":"publish","type":"page","link":"https:\/\/architecturalmodel.org\/en\/repair-architectural-models\/","title":{"rendered":"Repair architectural models"},"content":{"rendered":"\n  <div class=\"banner has-hover\" id=\"banner-1088308010\">\n          <div class=\"banner-inner fill\">\n        <div class=\"banner-bg fill\" >\n            <img loading=\"lazy\" decoding=\"async\" width=\"1020\" height=\"680\" src=\"https:\/\/architecturalmodel.org\/wp-content\/uploads\/2020\/07\/Cover-image-Sua-chua-sa-ban-Architectural-Model-Org-1024x683.jpg\" class=\"bg attachment-large size-large\" alt=\"Cover image - S\u1eeda ch\u1eefa m\u00f4 h\u00ecnh | Sa b\u00e0n ki\u1ebfn tr\u00fac\" \/>                        <div class=\"overlay\"><\/div>            \n                    <\/div>\n\t\t\n        <div class=\"banner-layers container\">\n            <div class=\"fill banner-link\"><\/div>            \n   <div id=\"text-box-285544046\" class=\"text-box banner-layer x5 md-x5 lg-x5 y50 md-y50 lg-y50 res-text\">\n                                <div class=\"text-box-content text dark\">\n              \n              <div class=\"text-inner text-left\">\n                  \n<h2 class=\"uppercase\"><strong>Smodel repair<\/strong><\/h2>\n<h3>Refresh the model<\/h3>\n<p>Repair old saucers, used saucers. Refresh the architectural table to display events or offer real estate projects.<\/p>\n<a class=\"button primary\" >\n\t\t<span>Get a quote<\/span>\n\t<\/a>\n\n<a class=\"button white is-outline\" >\n\t\t<span>Advisory<\/span>\n\t<\/a>\n\n              <\/div>\n           <\/div>\n                            \n<style>\n#text-box-285544046 {\n  width: 60%;\n}\n#text-box-285544046 .text-box-content {\n  font-size: 100%;\n}\n@media (min-width:550px) {\n  #text-box-285544046 {\n    width: 40%;\n  }\n}\n<\/style>\n    <\/div>\n \n        <\/div>\n      <\/div>\n\n            \n<style>\n#banner-1088308010 {\n  padding-top: 500px;\n}\n#banner-1088308010 .overlay {\n  background-color: rgba(0, 0, 0, 0.31);\n}\n<\/style>\n  <\/div>\n\n\n","protected":false},"excerpt":{"rendered":"","protected":false},"author":1,"featured_media":1077,"parent":0,"menu_order":0,"comment_status":"closed","ping_status":"closed","template":"page-blank-title-center.php","meta":{"footnotes":""},"class_list":["post-1692","page","type-page","status-publish","has-post-thumbnail","hentry"],"_links":{"self":[{"href":"https:\/\/architecturalmodel.org\/en\/wp-json\/wp\/v2\/pages\/1692","targetHints":{"allow":["GET"]}}],"collection":[{"href":"https:\/\/architecturalmodel.org\/en\/wp-json\/wp\/v2\/pages"}],"about":[{"href":"https:\/\/architecturalmodel.org\/en\/wp-json\/wp\/v2\/types\/page"}],"author":[{"embeddable":true,"href":"https:\/\/architecturalmodel.org\/en\/wp-json\/wp\/v2\/users\/1"}],"replies":[{"embeddable":true,"href":"https:\/\/architecturalmodel.org\/en\/wp-json\/wp\/v2\/comments?post=1692"}],"version-history":[{"count":0,"href":"https:\/\/architecturalmodel.org\/en\/wp-json\/wp\/v2\/pages\/1692\/revisions"}],"wp:featuredmedia":[{"embeddable":true,"href":"https:\/\/architecturalmodel.org\/en\/wp-json\/wp\/v2\/media\/1077"}],"wp:attachment":[{"href":"https:\/\/architecturalmodel.org\/en\/wp-json\/wp\/v2\/media?parent=1692"}],"curies":[{"name":"wp","href":"https:\/\/api.w.org\/{rel}","templated":true}]}}