{"id":1704,"date":"2020-07-13T16:20:55","date_gmt":"2020-07-13T09:20:55","guid":{"rendered":"https:\/\/architecturalmodel.org\/?page_id=1704"},"modified":"2021-07-22T23:44:24","modified_gmt":"2021-07-22T16:44:24","slug":"transporting-architectural-furniture-in-vietnam","status":"publish","type":"page","link":"https:\/\/architecturalmodel.org\/en\/transporting-architectural-furniture-in-vietnam\/","title":{"rendered":"Shipping models in Vietnam"},"content":{"rendered":"\n  <div class=\"banner has-hover\" id=\"banner-696626928\">\n          <div class=\"banner-inner fill\">\n        <div class=\"banner-bg fill\" >\n            <img loading=\"lazy\" decoding=\"async\" width=\"1020\" height=\"680\" src=\"https:\/\/architecturalmodel.org\/wp-content\/uploads\/2021\/07\/van-chuyen-mo-hinh-tai-tphcm-1024x683.jpg\" class=\"bg attachment-large size-large\" alt=\"V\u1eadn chuy\u1ec3n m\u00f4 h\u00ecnh t\u1ea1i TPHCM\" \/>                        <div class=\"overlay\"><\/div>            \n                    <\/div>\n\t\t\n        <div class=\"banner-layers container\">\n            <div class=\"fill banner-link\"><\/div>            \n   <div id=\"text-box-1868807964\" class=\"text-box banner-layer x95 md-x95 lg-x95 y50 md-y50 lg-y50 res-text\">\n                                <div class=\"text-box-content text dark\">\n              \n              <div class=\"text-inner text-right\">\n                  \n<h2 class=\"uppercase\"><strong>Shipping model<\/strong><\/h2>\n<h3>Architectural model relocation<\/h3>\n<p>Transporting the project, relocating the model to maintain the original state for the project.<\/p>\n<a href=\"https:\/\/www.facebook.com\/Architecturalmodelorg\/\" class=\"button secondary\" target=\"_blank\" rel=\"noopener\">\n\t\t<span>T\u01b0 v\u1ea5n<\/span>\n\t<\/a>\n\n<a href=\"https:\/\/architecturalmodel.org\/bao-gia\/\" target=\"_blank\" class=\"button white is-outline\" rel=\"noopener\">\n\t\t<span>B\u00e1o gi\u00e1<\/span>\n\t<\/a>\n\n              <\/div>\n           <\/div>\n                            \n<style>\n#text-box-1868807964 {\n  width: 60%;\n}\n#text-box-1868807964 .text-box-content {\n  font-size: 100%;\n}\n@media (min-width:550px) {\n  #text-box-1868807964 {\n    width: 40%;\n  }\n}\n<\/style>\n    <\/div>\n \n        <\/div>\n      <\/div>\n\n            \n<style>\n#banner-696626928 {\n  padding-top: 500px;\n}\n#banner-696626928 .overlay {\n  background-color: rgba(0, 0, 0, 0.2);\n}\n<\/style>\n  <\/div>\n\n\n<div class=\"row\"  id=\"row-142039296\">\n\n\t<div id=\"col-1220220214\" class=\"col medium-6 small-12 large-6\"  >\n\t\t\t\t<div class=\"col-inner\"  >\n\t\t\t\n\t\t\t\n\t<div class=\"img has-hover x md-x lg-x y md-y lg-y\" id=\"image_1877021915\">\n\t\t\t\t\t\t\t\t<div class=\"img-inner dark\" >\n\t\t\t<img loading=\"lazy\" decoding=\"async\" width=\"1020\" height=\"680\" src=\"https:\/\/architecturalmodel.org\/wp-content\/uploads\/2020\/07\/Van-chuyen-mo-hinh-Architectural-Model-Org-1024x683.jpg\" class=\"attachment-large size-large\" alt=\"V\u1eadn chuy\u1ec3n m\u00f4 h\u00ecnh An To\u00e0n - Nhanh Ch\u00f3ng - Chi Ph\u00ed H\u1ee3p L\u00fd\" srcset=\"https:\/\/architecturalmodel.org\/wp-content\/uploads\/2020\/07\/Van-chuyen-mo-hinh-Architectural-Model-Org-1024x683.jpg 1024w, https:\/\/architecturalmodel.org\/wp-content\/uploads\/2020\/07\/Van-chuyen-mo-hinh-Architectural-Model-Org-300x200.jpg 300w, https:\/\/architecturalmodel.org\/wp-content\/uploads\/2020\/07\/Van-chuyen-mo-hinh-Architectural-Model-Org-768x512.jpg 768w, https:\/\/architecturalmodel.org\/wp-content\/uploads\/2020\/07\/Van-chuyen-mo-hinh-Architectural-Model-Org-1536x1024.jpg 1536w, https:\/\/architecturalmodel.org\/wp-content\/uploads\/2020\/07\/Van-chuyen-mo-hinh-Architectural-Model-Org.jpg 1600w\" sizes=\"auto, (max-width: 1020px) 100vw, 1020px\" \/>\t\t\t\t\t\t\n\t\t\t\t\t<\/div>\n\t\t\t\t\t\t\t\t\n<style>\n#image_1877021915 {\n  width: 100%;\n}\n<\/style>\n\t<\/div>\n\t\n\t\t<\/div>\n\t\t\t\t\t<\/div>\n\n\t\n\n\t<div id=\"col-1040250502\" class=\"col medium-6 small-12 large-6\"  >\n\t\t\t\t<div class=\"col-inner\"  >\n\t\t\t\n\t\t\t\n<h3>Shipping to provinces and cities in Vietnam<\/h3>\n<p>We provide model relocation services in the provinces of Vietnam. Ensure the model is as safe as the status quo before relocation.<\/p>\n<p>The stages for the relocation of the model will be carried out from the quotation to the complete reinstallation of the model at the relocation site.<\/p>\n<a href=\"https:\/\/architecturalmodel.org\/bao-gia-mo-hinh\/\" target=\"_blank\" class=\"button secondary\" rel=\"noopener\">\n\t\t<span>Contact shipping<\/span>\n\t<\/a>\n\n\t\t<\/div>\n\t\t\t\t\t<\/div>\n\n\t\n<\/div>\n<div class=\"container section-title-container\" ><h2 class=\"section-title section-title-center\"><b aria-hidden=\"true\"><\/b><span class=\"section-title-main\" >model shipping quotation process<\/span><b aria-hidden=\"true\"><\/b><\/h2><\/div>\n<div class=\"row\"  id=\"row-292618078\">\n\n\t<div id=\"col-1977053198\" class=\"col medium-3 small-6 large-3\"  >\n\t\t\t\t<div class=\"col-inner\"  >\n\t\t\t\n\t\t\t\n\t<div class=\"box has-hover   has-hover box-text-bottom\" >\n\n\t\t<div class=\"box-image\" style=\"width:60%;\">\n\t\t\t\t\t\t<div class=\"\" >\n\t\t\t\t<img loading=\"lazy\" decoding=\"async\" width=\"500\" height=\"500\" src=\"https:\/\/architecturalmodel.org\/wp-content\/uploads\/2020\/07\/Tiep-nhan-thong-tin-icon.jpg\" class=\"attachment- size-\" alt=\"Ti\u1ebfp nh\u1eadn th\u00f4ng tin\" srcset=\"https:\/\/architecturalmodel.org\/wp-content\/uploads\/2020\/07\/Tiep-nhan-thong-tin-icon.jpg 500w, https:\/\/architecturalmodel.org\/wp-content\/uploads\/2020\/07\/Tiep-nhan-thong-tin-icon-300x300.jpg 300w, https:\/\/architecturalmodel.org\/wp-content\/uploads\/2020\/07\/Tiep-nhan-thong-tin-icon-150x150.jpg 150w\" sizes=\"auto, (max-width: 500px) 100vw, 500px\" \/>\t\t\t\t\t\t\t\t\t\t\t<\/div>\n\t\t\t\t\t<\/div>\n\n\t\t<div class=\"box-text text-center\" >\n\t\t\t<div class=\"box-text-inner\">\n\t\t\t\t\n<h4>Receive information<\/h4>\n<p>Receive shipping information<\/p>\n\t\t\t<\/div>\n\t\t<\/div>\n\t<\/div>\n\t\n\t\t<\/div>\n\t\t\t\t\t<\/div>\n\n\t\n\n\t<div id=\"col-1484276337\" class=\"col medium-3 small-6 large-3\"  >\n\t\t\t\t<div class=\"col-inner\"  >\n\t\t\t\n\t\t\t\n\t<div class=\"box has-hover   has-hover box-text-bottom\" >\n\n\t\t<div class=\"box-image\" style=\"width:60%;\">\n\t\t\t\t\t\t<div class=\"\" >\n\t\t\t\t<img loading=\"lazy\" decoding=\"async\" width=\"500\" height=\"500\" src=\"https:\/\/architecturalmodel.org\/wp-content\/uploads\/2020\/07\/Khao-sat-sa-ban-hien-trang.jpg\" class=\"attachment- size-\" alt=\"Kh\u1ea3o s\u00e1t hi\u1ec7n tr\u1ea1ng sa b\u00e0n\" srcset=\"https:\/\/architecturalmodel.org\/wp-content\/uploads\/2020\/07\/Khao-sat-sa-ban-hien-trang.jpg 500w, https:\/\/architecturalmodel.org\/wp-content\/uploads\/2020\/07\/Khao-sat-sa-ban-hien-trang-300x300.jpg 300w, https:\/\/architecturalmodel.org\/wp-content\/uploads\/2020\/07\/Khao-sat-sa-ban-hien-trang-150x150.jpg 150w\" sizes=\"auto, (max-width: 500px) 100vw, 500px\" \/>\t\t\t\t\t\t\t\t\t\t\t<\/div>\n\t\t\t\t\t<\/div>\n\n\t\t<div class=\"box-text text-center\" >\n\t\t\t<div class=\"box-text-inner\">\n\t\t\t\t\n<h4>Current status survey<\/h4>\n<p>Survey by image or directly<\/p>\n\t\t\t<\/div>\n\t\t<\/div>\n\t<\/div>\n\t\n\t\t<\/div>\n\t\t\t\t\t<\/div>\n\n\t\n\n\t<div id=\"col-566946617\" class=\"col medium-3 small-6 large-3\"  >\n\t\t\t\t<div class=\"col-inner\"  >\n\t\t\t\n\t\t\t\n\t<div class=\"box has-hover   has-hover box-text-bottom\" >\n\n\t\t<div class=\"box-image\" style=\"width:60%;\">\n\t\t\t\t\t\t<div class=\"\" >\n\t\t\t\t<img loading=\"lazy\" decoding=\"async\" width=\"500\" height=\"500\" src=\"https:\/\/architecturalmodel.org\/wp-content\/uploads\/2020\/07\/Bao-gia-va-xac-nhan-hop-dong.jpg\" class=\"attachment- size-\" alt=\"B\u00e1o gi\u00e1 v\u00e0 x\u00e1c nh\u1eadn h\u1ee3p \u0111\u1ed3ng v\u1eadn chuy\u1ec3n\" srcset=\"https:\/\/architecturalmodel.org\/wp-content\/uploads\/2020\/07\/Bao-gia-va-xac-nhan-hop-dong.jpg 500w, https:\/\/architecturalmodel.org\/wp-content\/uploads\/2020\/07\/Bao-gia-va-xac-nhan-hop-dong-300x300.jpg 300w, https:\/\/architecturalmodel.org\/wp-content\/uploads\/2020\/07\/Bao-gia-va-xac-nhan-hop-dong-150x150.jpg 150w\" sizes=\"auto, (max-width: 500px) 100vw, 500px\" \/>\t\t\t\t\t\t\t\t\t\t\t<\/div>\n\t\t\t\t\t<\/div>\n\n\t\t<div class=\"box-text text-center\" >\n\t\t\t<div class=\"box-text-inner\">\n\t\t\t\t\n<h4>Quotation and contract confirmation<\/h4>\n<p>Confirm shipping time, cost and destination.<\/p>\n\t\t\t<\/div>\n\t\t<\/div>\n\t<\/div>\n\t\n\t\t<\/div>\n\t\t\t\t\t<\/div>\n\n\t\n\n\t<div id=\"col-78352084\" class=\"col medium-3 small-6 large-3\"  >\n\t\t\t\t<div class=\"col-inner\"  >\n\t\t\t\n\t\t\t\n\t<div class=\"box has-hover   has-hover box-text-bottom\" >\n\n\t\t<div class=\"box-image\" style=\"width:60%;\">\n\t\t\t\t\t\t<div class=\"\" >\n\t\t\t\t<img loading=\"lazy\" decoding=\"async\" width=\"500\" height=\"500\" src=\"https:\/\/architecturalmodel.org\/wp-content\/uploads\/2020\/07\/Van-chuyen-va-nghiem-thu.jpg\" class=\"attachment- size-\" alt=\"V\u1eadn chuy\u1ec3n v\u00e0 nghi\u1ec7m thu m\u00f4 h\u00ecnh\" srcset=\"https:\/\/architecturalmodel.org\/wp-content\/uploads\/2020\/07\/Van-chuyen-va-nghiem-thu.jpg 500w, https:\/\/architecturalmodel.org\/wp-content\/uploads\/2020\/07\/Van-chuyen-va-nghiem-thu-300x300.jpg 300w, https:\/\/architecturalmodel.org\/wp-content\/uploads\/2020\/07\/Van-chuyen-va-nghiem-thu-150x150.jpg 150w\" sizes=\"auto, (max-width: 500px) 100vw, 500px\" \/>\t\t\t\t\t\t\t\t\t\t\t<\/div>\n\t\t\t\t\t<\/div>\n\n\t\t<div class=\"box-text text-center\" >\n\t\t\t<div class=\"box-text-inner\">\n\t\t\t\t\n<h4>Shipping and acceptance<\/h4>\n<p>Carry out transportation and acceptance after relocation.<\/p>\n\t\t\t<\/div>\n\t\t<\/div>\n\t<\/div>\n\t\n\t\t<\/div>\n\t\t\t\t\t<\/div>\n\n\t\n<\/div>\n  <div class=\"banner-grid-wrapper\">\n  <div id=\"banner-grid-1750269462\" class=\"banner-grid row row-grid row-small\" data-packery-options=\"\">\n                      \n<div class=\"col grid-col large-6 grid-col-2-3\" ><div class=\"col-inner\">\n\t<div class=\"img has-hover x md-x lg-x y md-y lg-y\" id=\"image_539353052\">\n\t\t\t\t\t\t\t\t<div class=\"img-inner dark\" >\n\t\t\t<img loading=\"lazy\" decoding=\"async\" width=\"1020\" height=\"680\" src=\"https:\/\/architecturalmodel.org\/wp-content\/uploads\/2018\/01\/Hinh-anh-Sa-ban-benh-vien-175-1024x683.jpg\" class=\"attachment-large size-large\" alt=\"H\u00ecnh \u1ea3nh - Sa b\u00e0n b\u1ec7nh vi\u1ec7n 175\" srcset=\"https:\/\/architecturalmodel.org\/wp-content\/uploads\/2018\/01\/Hinh-anh-Sa-ban-benh-vien-175-1024x683.jpg 1024w, https:\/\/architecturalmodel.org\/wp-content\/uploads\/2018\/01\/Hinh-anh-Sa-ban-benh-vien-175-300x200.jpg 300w, https:\/\/architecturalmodel.org\/wp-content\/uploads\/2018\/01\/Hinh-anh-Sa-ban-benh-vien-175-768x512.jpg 768w, https:\/\/architecturalmodel.org\/wp-content\/uploads\/2018\/01\/Hinh-anh-Sa-ban-benh-vien-175-1536x1024.jpg 1536w, https:\/\/architecturalmodel.org\/wp-content\/uploads\/2018\/01\/Hinh-anh-Sa-ban-benh-vien-175.jpg 1600w\" sizes=\"auto, (max-width: 1020px) 100vw, 1020px\" \/>\t\t\t\t\t\t\n\t\t\t\t\t<\/div>\n\t\t\t\t\t\t\t\t\n<style>\n#image_539353052 {\n  width: 100%;\n}\n<\/style>\n\t<\/div>\n\t\n<\/div><\/div>\n<div class=\"col grid-col large-6 grid-col-1-2\" ><div class=\"col-inner\">\n\t<div class=\"img has-hover x md-x lg-x y md-y lg-y\" id=\"image_785246366\">\n\t\t\t\t\t\t\t\t<div class=\"img-inner dark\" >\n\t\t\t<img loading=\"lazy\" decoding=\"async\" width=\"1020\" height=\"405\" src=\"https:\/\/architecturalmodel.org\/wp-content\/uploads\/2020\/07\/Slide-Mo-hinh-quy-hoach-Summer-Land-Phan-Thiet-1024x407.jpg\" class=\"attachment-large size-large\" alt=\"Slide - M\u00f4 h\u00ecnh quy ho\u1ea1ch Summer Land Phan Thi\u1ebft\" srcset=\"https:\/\/architecturalmodel.org\/wp-content\/uploads\/2020\/07\/Slide-Mo-hinh-quy-hoach-Summer-Land-Phan-Thiet-1024x407.jpg 1024w, https:\/\/architecturalmodel.org\/wp-content\/uploads\/2020\/07\/Slide-Mo-hinh-quy-hoach-Summer-Land-Phan-Thiet-300x119.jpg 300w, https:\/\/architecturalmodel.org\/wp-content\/uploads\/2020\/07\/Slide-Mo-hinh-quy-hoach-Summer-Land-Phan-Thiet-768x305.jpg 768w, https:\/\/architecturalmodel.org\/wp-content\/uploads\/2020\/07\/Slide-Mo-hinh-quy-hoach-Summer-Land-Phan-Thiet.jpg 1360w\" sizes=\"auto, (max-width: 1020px) 100vw, 1020px\" \/>\t\t\t\t\t\t\n\t\t\t\t\t<\/div>\n\t\t\t\t\t\t\t\t\n<style>\n#image_785246366 {\n  width: 100%;\n}\n<\/style>\n\t<\/div>\n\t\n<\/div><\/div>\n<div class=\"col grid-col large-3 grid-col-1-2\" ><div class=\"col-inner\">\n\t<div class=\"img has-hover x md-x lg-x y md-y lg-y\" id=\"image_195915546\">\n\t\t\t\t\t\t\t\t<div class=\"img-inner dark\" >\n\t\t\t<img loading=\"lazy\" decoding=\"async\" width=\"1020\" height=\"680\" src=\"https:\/\/architecturalmodel.org\/wp-content\/uploads\/2018\/01\/Cover-image-Sa-ban-benh-vien-Quan-y-175-Architectural-Model-Org-1024x683.jpg\" class=\"attachment-large size-large\" alt=\"Cover image - Sa b\u00e0n b\u1ec7nh vi\u1ec7n Qu\u00e2n y 175 - Architectural Model Org\" srcset=\"https:\/\/architecturalmodel.org\/wp-content\/uploads\/2018\/01\/Cover-image-Sa-ban-benh-vien-Quan-y-175-Architectural-Model-Org-1024x683.jpg 1024w, https:\/\/architecturalmodel.org\/wp-content\/uploads\/2018\/01\/Cover-image-Sa-ban-benh-vien-Quan-y-175-Architectural-Model-Org-300x200.jpg 300w, https:\/\/architecturalmodel.org\/wp-content\/uploads\/2018\/01\/Cover-image-Sa-ban-benh-vien-Quan-y-175-Architectural-Model-Org-768x512.jpg 768w, https:\/\/architecturalmodel.org\/wp-content\/uploads\/2018\/01\/Cover-image-Sa-ban-benh-vien-Quan-y-175-Architectural-Model-Org-1536x1024.jpg 1536w, https:\/\/architecturalmodel.org\/wp-content\/uploads\/2018\/01\/Cover-image-Sa-ban-benh-vien-Quan-y-175-Architectural-Model-Org-e1597027328870.jpg 800w\" sizes=\"auto, (max-width: 1020px) 100vw, 1020px\" \/>\t\t\t\t\t\t\n\t\t\t\t\t<\/div>\n\t\t\t\t\t\t\t\t\n<style>\n#image_195915546 {\n  width: 100%;\n}\n<\/style>\n\t<\/div>\n\t\n<\/div><\/div>\n<div class=\"col grid-col large-3 grid-col-1-2\" ><div class=\"col-inner\">\n\t<div class=\"img has-hover x md-x lg-x y md-y lg-y\" id=\"image_919373166\">\n\t\t\t\t\t\t\t\t<div class=\"img-inner dark\" >\n\t\t\t<img loading=\"lazy\" decoding=\"async\" width=\"1020\" height=\"680\" src=\"https:\/\/architecturalmodel.org\/wp-content\/uploads\/2020\/07\/Cover-image-Mo-hinh-chung-cu-Sa-ban-cao-tang-Architectural-Model-Org-1024x683.jpg\" class=\"attachment-large size-large\" alt=\"mo-hinh-chung-cu-sa-ban-cao-tang\" srcset=\"https:\/\/architecturalmodel.org\/wp-content\/uploads\/2020\/07\/Cover-image-Mo-hinh-chung-cu-Sa-ban-cao-tang-Architectural-Model-Org-1024x683.jpg 1024w, https:\/\/architecturalmodel.org\/wp-content\/uploads\/2020\/07\/Cover-image-Mo-hinh-chung-cu-Sa-ban-cao-tang-Architectural-Model-Org-300x200.jpg 300w, https:\/\/architecturalmodel.org\/wp-content\/uploads\/2020\/07\/Cover-image-Mo-hinh-chung-cu-Sa-ban-cao-tang-Architectural-Model-Org-768x512.jpg 768w, https:\/\/architecturalmodel.org\/wp-content\/uploads\/2020\/07\/Cover-image-Mo-hinh-chung-cu-Sa-ban-cao-tang-Architectural-Model-Org-1536x1024.jpg 1536w, https:\/\/architecturalmodel.org\/wp-content\/uploads\/2020\/07\/Cover-image-Mo-hinh-chung-cu-Sa-ban-cao-tang-Architectural-Model-Org-e1597028225657.jpg 800w\" sizes=\"auto, (max-width: 1020px) 100vw, 1020px\" \/>\t\t\t\t\t\t\n\t\t\t\t\t<\/div>\n\t\t\t\t\t\t\t\t\n<style>\n#image_919373166 {\n  width: 100%;\n}\n<\/style>\n\t<\/div>\n\t\n<\/div><\/div>\n<div class=\"col grid-col large-6 grid-col-1-3\" ><div class=\"col-inner\">\n\t<div class=\"img has-hover x md-x lg-x y md-y lg-y\" id=\"image_1983160453\">\n\t\t\t\t\t\t\t\t<div class=\"img-inner dark\" >\n\t\t\t<img loading=\"lazy\" decoding=\"async\" width=\"1020\" height=\"405\" src=\"https:\/\/architecturalmodel.org\/wp-content\/uploads\/2020\/07\/Slide-Mo-hinh-resort-nam-o-Da-Nang-1024x407.jpg\" class=\"attachment-large size-large\" alt=\"mo-hinh-resort-nam-o-tai-da-nang\" srcset=\"https:\/\/architecturalmodel.org\/wp-content\/uploads\/2020\/07\/Slide-Mo-hinh-resort-nam-o-Da-Nang-1024x407.jpg 1024w, https:\/\/architecturalmodel.org\/wp-content\/uploads\/2020\/07\/Slide-Mo-hinh-resort-nam-o-Da-Nang-300x119.jpg 300w, https:\/\/architecturalmodel.org\/wp-content\/uploads\/2020\/07\/Slide-Mo-hinh-resort-nam-o-Da-Nang-768x305.jpg 768w, https:\/\/architecturalmodel.org\/wp-content\/uploads\/2020\/07\/Slide-Mo-hinh-resort-nam-o-Da-Nang.jpg 1360w\" sizes=\"auto, (max-width: 1020px) 100vw, 1020px\" \/>\t\t\t\t\t\t\n\t\t\t\t\t<\/div>\n\t\t\t\t\t\t\t\t\n<style>\n#image_1983160453 {\n  width: 100%;\n}\n<\/style>\n\t<\/div>\n\t\n<\/div><\/div>\n            <\/div>\n    <style>\n    #banner-grid-1750269462 .grid-col-1{height: 600px}\n    #banner-grid-1750269462 .grid-col-1-2{height: 300px}\n    #banner-grid-1750269462 .grid-col-1-3{height:200px}\n    #banner-grid-1750269462 .grid-col-2-3{height: 400px}\n    #banner-grid-1750269462 .grid-col-1-4{height: 150px}\n    #banner-grid-1750269462 .grid-col-3-4{height: 450px}\n\n\n    \n    \n\n  <\/style>\n    <\/div>\n  \n<div class=\"message-box relative\" style=\"padding-top:15px;padding-bottom:15px;\"><div class=\"message-box-bg-image bg-fill fill\" ><\/div><div class=\"message-box-bg-overlay bg-fill fill\" ><\/div><div class=\"container relative\"><div class=\"inner last-reset\">\n<div class=\"row align-middle align-center\"  id=\"row-100741226\">\n\n\t<div id=\"col-690058278\" class=\"col medium-9 small-12 large-9\"  >\n\t\t\t\t<div class=\"col-inner\"  >\n\t\t\t\n\t\t\t\n<h3>Please send your shipping information here, we will contact you to quote immediately.<\/h3>\n<p>All information need shipping, you can send directly to us for the most careful consultation. The more specific information, we will have enough information and quote the best price for you.<\/p>\n\t\t<\/div>\n\t\t\t\t\t<\/div>\n\n\t\n\n\t<div id=\"col-1560032378\" class=\"col medium-2 small-12 large-2\"  >\n\t\t\t\t<div class=\"col-inner text-center\"  >\n\t\t\t\n\t\t\t\n<a href=\"http:\/\/bit.ly\/baogiamohinh\" class=\"button secondary\" style=\"border-radius:99px;\" target=\"_blank\" rel=\"noopener\">\n\t\t<span>Send information<\/span>\n\t<\/a>\n\n\t\t<\/div>\n\t\t\t\t\t<\/div>\n\n\t\n<\/div>\n<\/div><\/div><\/div>\n","protected":false},"excerpt":{"rendered":"","protected":false},"author":1,"featured_media":1078,"parent":0,"menu_order":0,"comment_status":"closed","ping_status":"closed","template":"page-blank-title-center.php","meta":{"footnotes":""},"class_list":["post-1704","page","type-page","status-publish","has-post-thumbnail","hentry"],"_links":{"self":[{"href":"https:\/\/architecturalmodel.org\/en\/wp-json\/wp\/v2\/pages\/1704","targetHints":{"allow":["GET"]}}],"collection":[{"href":"https:\/\/architecturalmodel.org\/en\/wp-json\/wp\/v2\/pages"}],"about":[{"href":"https:\/\/architecturalmodel.org\/en\/wp-json\/wp\/v2\/types\/page"}],"author":[{"embeddable":true,"href":"https:\/\/architecturalmodel.org\/en\/wp-json\/wp\/v2\/users\/1"}],"replies":[{"embeddable":true,"href":"https:\/\/architecturalmodel.org\/en\/wp-json\/wp\/v2\/comments?post=1704"}],"version-history":[{"count":1,"href":"https:\/\/architecturalmodel.org\/en\/wp-json\/wp\/v2\/pages\/1704\/revisions"}],"predecessor-version":[{"id":6483,"href":"https:\/\/architecturalmodel.org\/en\/wp-json\/wp\/v2\/pages\/1704\/revisions\/6483"}],"wp:featuredmedia":[{"embeddable":true,"href":"https:\/\/architecturalmodel.org\/en\/wp-json\/wp\/v2\/media\/1078"}],"wp:attachment":[{"href":"https:\/\/architecturalmodel.org\/en\/wp-json\/wp\/v2\/media?parent=1704"}],"curies":[{"name":"wp","href":"https:\/\/api.w.org\/{rel}","templated":true}]}}